{"id":17,"date":"2012-01-07T10:40:18","date_gmt":"2012-01-07T10:40:18","guid":{"rendered":"http:\/\/www.archib.net\/?page_id=17"},"modified":"2012-01-08T16:40:30","modified_gmt":"2012-01-08T16:40:30","slug":"pagetest4-1","status":"publish","type":"page","link":"https:\/\/www.archib.net\/?page_id=17","title":{"rendered":"INDUSTRIES"},"content":{"rendered":"<p>Nous travaillons\u00a0aussi \u00e0 la r\u00e9alisation de b\u00e2timents industriels, voici les derni\u00e8res conceptions:<\/p>\n<p><a title=\"INDUSTRIE L.\" href=\"http:\/\/www.archib.net\/?p=239\">INDUSTRIE L.<\/a><\/p>\n<p><a title=\"INDUSTRIE D.\" href=\"http:\/\/www.archib.net\/?p=245\">INDUSTRIE D.<\/a><\/p>\n","protected":false},"excerpt":{"rendered":"<p>Nous travaillons\u00a0aussi \u00e0 la r\u00e9alisation de b\u00e2timents industriels, voici les derni\u00e8res conceptions: INDUSTRIE L. INDUSTRIE D.<\/p>\n","protected":false},"author":1,"featured_media":0,"parent":6,"menu_order":0,"comment_status":"closed","ping_status":"closed","template":"","meta":{"footnotes":""},"class_list":["post-17","page","type-page","status-publish","hentry"],"_links":{"self":[{"href":"https:\/\/www.archib.net\/index.php?rest_route=\/wp\/v2\/pages\/17","targetHints":{"allow":["GET"]}}],"collection":[{"href":"https:\/\/www.archib.net\/index.php?rest_route=\/wp\/v2\/pages"}],"about":[{"href":"https:\/\/www.archib.net\/index.php?rest_route=\/wp\/v2\/types\/page"}],"author":[{"embeddable":true,"href":"https:\/\/www.archib.net\/index.php?rest_route=\/wp\/v2\/users\/1"}],"replies":[{"embeddable":true,"href":"https:\/\/www.archib.net\/index.php?rest_route=%2Fwp%2Fv2%2Fcomments&post=17"}],"version-history":[{"count":5,"href":"https:\/\/www.archib.net\/index.php?rest_route=\/wp\/v2\/pages\/17\/revisions"}],"predecessor-version":[{"id":263,"href":"https:\/\/www.archib.net\/index.php?rest_route=\/wp\/v2\/pages\/17\/revisions\/263"}],"up":[{"embeddable":true,"href":"https:\/\/www.archib.net\/index.php?rest_route=\/wp\/v2\/pages\/6"}],"wp:attachment":[{"href":"https:\/\/www.archib.net\/index.php?rest_route=%2Fwp%2Fv2%2Fmedia&parent=17"}],"curies":[{"name":"wp","href":"https:\/\/api.w.org\/{rel}","templated":true}]}}